{"id":2401,"date":"2018-11-07T16:57:29","date_gmt":"2018-11-07T15:57:29","guid":{"rendered":"https:\/\/www.mentrex.ch\/?page_id=2401"},"modified":"2023-10-13T10:08:49","modified_gmt":"2023-10-13T08:08:49","slug":"accueil","status":"publish","type":"page","link":"https:\/\/www.mentrex.ch\/fr\/","title":{"rendered":"Accueil"},"content":{"rendered":"<div class=\"wpb-content-wrapper\"><p>[vc_row full_width=\u00a0\u00bbstretch_row\u00a0\u00bb css=\u00a0\u00bb.vc_custom_1682068671328{margin-top: -20px !important;background-color: #f2f2f2 !important;}\u00a0\u00bb conditional_render=\u00a0\u00bb%5B%7B%22value_role%22%3A%22administrator%22%7D%5D\u00a0\u00bb][vc_column width=\u00a0\u00bb1\/4&Prime; css=\u00a0\u00bb.vc_custom_1630928867122{margin-top: 35px !important;}\u00a0\u00bb][vc_single_image image=\u00a0\u00bb8383&Prime; img_size=\u00a0\u00bb300&#215;250&Prime;][\/vc_column][vc_column width=\u00a0\u00bb3\/4&Prime; css=\u00a0\u00bb.vc_custom_1630928879723{margin-top: 35px !important;}\u00a0\u00bb][vc_custom_heading text=\u00a0\u00bbLa s\u00e9curit\u00e9 n\u2019est pas un hasard\u00a0\u00bb font_container=\u00a0\u00bbtag:h4|text_align:left\u00a0\u00bb use_theme_fonts=\u00a0\u00bbyes\u00a0\u00bb][vc_column_text]La soci\u00e9t\u00e9 Mentrex est active depuis 1983 dans le domaine de la s\u00e9curit\u00e9 et de la protection contre les incendies.<\/p>\n<p>Nous avons invent\u00e9 et commercialis\u00e9 la couverture extinctrice \u00ab\u00a0FlameStop\u00a0\u00bb constitu\u00e9e de fibre de verre impr\u00e9gn\u00e9e. Fin 1996, nous avons introduit avec succ\u00e8s le premier d\u00e9tecteur de fum\u00e9e photo-\u00e9lectronique sur le continent europ\u00e9en.<\/p>\n<p>Notre comp\u00e9tence premi\u00e8re est la commercialisation de produits de s\u00e9curit\u00e9 utiles, peu on\u00e9reux et simples \u00e0 mettre en \u0153uvre, qui apporteront une utilisation optimale en domestique ou de loisir : la s\u00e9curit\u00e9 n\u2019est pas un hasard!<\/p>\n<p>Nos conseillers se tiennent \u00e0 votre disposition![\/vc_column_text][\/vc_column][\/vc_row][vc_row][vc_column][vc_custom_heading text=\u00a0\u00bbDates cl\u00e9s\u00a0\u00bb font_container=\u00a0\u00bbtag:h4|text_align:left\u00a0\u00bb use_theme_fonts=\u00a0\u00bbyes\u00a0\u00bb]<div class=\"porto-history wpb_content_element \"><div class=\"thumb\"><img loading=\"lazy\" decoding=\"async\" class=\"\" src=\"https:\/\/www.mentrex.ch\/wp-content\/uploads\/2022\/12\/Webshop_2022-1-145x145.jpg\" width=\"145\" height=\"145\" alt=\"Webshop_2022\" title=\"Webshop_2022\" \/><\/div><div class=\"featured-box\"><div class=\"box-content\"><h4 class=\"heading-primary\"><strong>2022<\/strong><\/h4><p>Nouvelle boutique en ligne, enti\u00e8rement int\u00e9gr\u00e9e \u00e0 l&rsquo;ERP.<\/p>\n<\/div><\/div><\/div><div class=\"porto-history wpb_content_element \"><div class=\"thumb\"><img loading=\"lazy\" decoding=\"async\" class=\"\" src=\"https:\/\/www.mentrex.ch\/wp-content\/uploads\/2020\/05\/Mentrex-Marke-1-145x139.png\" width=\"145\" height=\"139\" alt=\"Mentrex-Marke\" title=\"Mentrex-Marke\" \/><\/div><div class=\"featured-box\"><div class=\"box-content\"><h4 class=\"heading-primary\"><strong>2020<\/strong><\/h4><p>Integration de Mentrex AG dans Herba-Plastic AG, continuation en tant que marque ind\u00e9pendante.<br \/>\n<a href=\"http:\/\/www.herbaplastic.ch\/fr\/home-2\/\" target=\"_blank\" rel=\"noopener\">Site Internet Herba-Plastic AG<\/a><\/p>\n<\/div><\/div><\/div><div class=\"porto-history wpb_content_element \"><div class=\"thumb\"><img loading=\"lazy\" decoding=\"async\" class=\"\" src=\"https:\/\/www.mentrex.ch\/wp-content\/uploads\/2023\/04\/SmartHome_Produkte.jpg\" width=\"0\" height=\"0\" alt=\"SmartHome_Produkte\" title=\"SmartHome_Produkte\" \/><\/div><div class=\"featured-box\"><div class=\"box-content\"><h4 class=\"heading-primary\"><strong>2019<\/strong><\/h4><p>Introduction d&rsquo;autres produits SmartHome.<\/p>\n<\/div><\/div><\/div><div class=\"porto-history wpb_content_element \"><div class=\"thumb\"><img loading=\"lazy\" decoding=\"async\" class=\"\" src=\"https:\/\/www.mentrex.ch\/wp-content\/uploads\/2023\/04\/Smarthome_Rauchmeldersystem_web.jpg\" width=\"145\" height=\"145\" alt=\"Smarthome_Rauchmeldersystem_web\" title=\"Smarthome_Rauchmeldersystem_web\" \/><\/div><div class=\"featured-box\"><div class=\"box-content\"><h4 class=\"heading-primary\"><strong>2018<\/strong><\/h4><p>D\u00e9tecteur de fum\u00e9e \u201eSmart-Home\u201c.<\/p>\n<\/div><\/div><\/div><div class=\"porto-history wpb_content_element \"><div class=\"thumb\"><img loading=\"lazy\" decoding=\"async\" class=\"\" src=\"https:\/\/www.mentrex.ch\/wp-content\/uploads\/2023\/04\/Loeschspray_Flamestop_History.jpg\" width=\"145\" height=\"145\" alt=\"Loeschspray_Flamestop_History\" title=\"Loeschspray_Flamestop_History\" \/><\/div><div class=\"featured-box\"><div class=\"box-content\"><h4 class=\"heading-primary\"><strong>2014<\/strong><\/h4><p>Introduction de l\u2019a\u00e9rosol-extincteur.<\/p>\n<\/div><\/div><\/div><div class=\"porto-history wpb_content_element \"><div class=\"thumb\"><img loading=\"lazy\" decoding=\"async\" class=\"\" src=\"https:\/\/www.mentrex.ch\/wp-content\/uploads\/2018\/09\/Shop_old-145x129.jpg\" width=\"145\" height=\"129\" alt=\"Shop_old_fr\" title=\"Shop_old_fr\" \/><\/div><div class=\"featured-box\"><div class=\"box-content\"><h4 class=\"heading-primary\"><strong>1999<\/strong><\/h4><p>D\u00e9veloppement de l\u2019assortiment DIY et E-shop.<\/p>\n<\/div><\/div><\/div><div class=\"porto-history wpb_content_element \"><div class=\"thumb\"><img loading=\"lazy\" decoding=\"async\" class=\"\" src=\"https:\/\/www.mentrex.ch\/wp-content\/uploads\/2018\/09\/10Y29-mit-Alarmzeichen-143x145.jpg\" width=\"143\" height=\"145\" alt=\"10Y29-mit-Alarmzeichen_fr\" title=\"10Y29-mit-Alarmzeichen_fr\" \/><\/div><div class=\"featured-box\"><div class=\"box-content\"><h4 class=\"heading-primary\"><strong>1996<\/strong><\/h4><p>D\u00e9tecteur de fum\u00e9e photo-\u00e9lectronique FireAlarm.<br \/>\nD\u00e9tecteurs photo-\u00e9lectroniques en petit format (stand alone).<br \/>\nDistribution exclusive en Suisse.<\/p>\n<\/div><\/div><\/div><div class=\"porto-history wpb_content_element \"><div class=\"thumb\"><img loading=\"lazy\" decoding=\"async\" class=\"\" src=\"https:\/\/www.mentrex.ch\/wp-content\/uploads\/2018\/09\/FS100neutral-112x145.jpg\" width=\"112\" height=\"145\" alt=\"FS100neutral_fr\" title=\"FS100neutral_fr\" \/><\/div><div class=\"featured-box\"><div class=\"box-content\"><h4 class=\"heading-primary\"><strong>1984<\/strong><\/h4><p>Cr\u00e9ation, d\u00e9veloppement et production de la couverture extinctrice FlameStop.<\/p>\n<\/div><\/div><\/div><div class=\"porto-history wpb_content_element \"><div class=\"thumb\"><img loading=\"lazy\" decoding=\"async\" class=\"\" src=\"https:\/\/www.mentrex.ch\/wp-content\/uploads\/2018\/09\/img-logo-145x139.png\" width=\"145\" height=\"139\" alt=\"img-logo-145x139_fr\" title=\"img-logo-145x139_fr\" \/><\/div><div class=\"featured-box\"><div class=\"box-content\"><h4 class=\"heading-primary\"><strong>1982<\/strong><\/h4><p>Fondation de Mentrex SA \/ Filiale de\u00a0<a href=\"http:\/\/www.herbaplastic.ch\/\">Herba-Plastic SA<\/a><\/p>\n<\/div><\/div><\/div>[\/vc_column][\/vc_row][vc_row full_width=\u00a0\u00bbstretch_row\u00a0\u00bb css=\u00a0\u00bb.vc_custom_1681895079238{margin-top: 35px !important;background-color: #f2f2f2 !important;}\u00a0\u00bb conditional_render=\u00a0\u00bb%5B%7B%22value_role%22%3A%22administrator%22%7D%5D\u00a0\u00bb][vc_column width=\u00a0\u00bb1\/2&Prime; css=\u00a0\u00bb.vc_custom_1630929242247{margin-top: 35px !important;margin-bottom: -15px !important;}\u00a0\u00bb][vc_custom_heading text=\u00a0\u00bbNotre credo\u00a0\u00bb font_container=\u00a0\u00bbtag:h4|text_align:left\u00a0\u00bb use_theme_fonts=\u00a0\u00bbyes\u00a0\u00bb][vc_column_text]La s\u00e9curit\u00e9 n\u2019est pas un hasard! Plus de s\u00e9curit\u00e9 \u00e0 domicile pour moins d\u2019argent![\/vc_column_text][vc_custom_heading text=\u00a0\u00bbNotre fa\u00e7on d\u2018agir\u00a0\u00bb font_container=\u00a0\u00bbtag:h4|text_align:left\u00a0\u00bb use_theme_fonts=\u00a0\u00bbyes\u00a0\u00bb][vc_column_text]Nous proposons une s\u00e9curit\u00e9 domestique accrue gr\u00e2ce des produits simples, efficaces et innovants.[\/vc_column_text][\/vc_column][vc_column width=\u00a0\u00bb1\/2&Prime; css=\u00a0\u00bb.vc_custom_1682067967166{margin-bottom: -35px !important;}\u00a0\u00bb conditional_render=\u00a0\u00bb%5B%7B%22value_role%22%3A%22administrator%22%7D%5D\u00a0\u00bb]\t<style>\r\n\t\t.porto-blockquote1993371604 blockquote { border-color: #dd3333; }\r\n\t<\/style>\r\n\t<div class=\"porto-blockquote wpb_content_element  porto-blockquote1993371604\"><blockquote class=\"  \"><p>\n<h4>Principes<\/h4>\n<p>Nos produits \u2026<\/p>\n<ul>\n<li>sont simples, s\u00fbrs et efficaces<\/li>\n<li>sont sens\u00e9s, \u00e9conomiques et innovants<\/li>\n<li>sont d\u2019un design actuel et attrayant<\/li>\n<li>sont test\u00e9s et \u00e9prouv\u00e9s, performants et durables<\/li>\n<li>sont simples \u00e0 installer, sans aide ext\u00e9rieure<\/li>\n<li>sont garantis 2 ans<\/li>\n<\/ul>\n<p><\/p><\/blockquote><\/div>[\/vc_column][\/vc_row][vc_row conditional_render=\u00a0\u00bb%5B%7B%22value_role%22%3A%22administrator%22%7D%5D\u00a0\u00bb][vc_column width=\u00a0\u00bb1\/3&Prime;][vc_custom_heading text=\u00a0\u00bbNos partenaires\u00a0\u00bb font_container=\u00a0\u00bbtag:h4|text_align:left\u00a0\u00bb use_theme_fonts=\u00a0\u00bbyes\u00a0\u00bb]<div class=\"porto-image-frame \"><a href=\"http:\/\/www.gvb.ch\" title=\"\" target=\"_blank\"><img loading=\"lazy\" decoding=\"async\" alt=\"\" src=\"\/\/www.mentrex.ch\/wp-content\/uploads\/2023\/04\/GVB_web.jpg\" class=\"img-responsive img-rounded\" width=\"300\" height=\"75\"><\/a><\/div><div class=\"porto-image-frame \"><a href=\"http:\/\/www.sgvso.ch\" title=\"\" target=\"_blank\"><img loading=\"lazy\" decoding=\"async\" alt=\"\" src=\"\/\/www.mentrex.ch\/wp-content\/uploads\/2023\/04\/SGV_web.jpg\" class=\"img-responsive img-rounded\" width=\"300\" height=\"75\"><\/a><\/div><div class=\"porto-image-frame \"><a href=\"https:\/\/www.bgv.ch\" title=\"\" target=\"_blank\"><img loading=\"lazy\" decoding=\"async\" alt=\"\" src=\"\/\/www.mentrex.ch\/wp-content\/uploads\/2023\/04\/BLGV_web.jpg\" class=\"img-responsive img-rounded\" width=\"299\" height=\"75\"><\/a><\/div><div class=\"porto-image-frame \"><a href=\"http:\/\/www.nsv.ch\" title=\"\" target=\"_blank\"><img loading=\"lazy\" decoding=\"async\" alt=\"\" src=\"\/\/www.mentrex.ch\/wp-content\/uploads\/2023\/04\/NSV_web.jpg\" class=\"img-responsive img-rounded\" width=\"300\" height=\"75\"><\/a><\/div>[\/vc_column][vc_column width=\u00a0\u00bb1\/3&Prime;][vc_custom_heading text=\u00a0\u00bb\u00a0\u00bb font_container=\u00a0\u00bbtag:h4|text_align:left\u00a0\u00bb use_theme_fonts=\u00a0\u00bbyes\u00a0\u00bb]<div class=\"porto-image-frame \"><a href=\"http:\/\/www.gvl.ch\" title=\"\" target=\"_blank\"><img loading=\"lazy\" decoding=\"async\" alt=\"\" src=\"\/\/www.mentrex.ch\/wp-content\/uploads\/2023\/04\/GVL_web.jpg\" class=\"img-responsive img-rounded\" width=\"300\" height=\"75\"><\/a><\/div><div class=\"porto-image-frame \"><a href=\"http:\/\/www.gvbs.ch\" title=\"\" target=\"_blank\"><img loading=\"lazy\" decoding=\"async\" alt=\"\" src=\"\/\/www.mentrex.ch\/wp-content\/uploads\/2023\/04\/GVBS_web.jpg\" class=\"img-responsive img-rounded\" width=\"300\" height=\"75\"><\/a><\/div><div class=\"porto-image-frame \"><a href=\"http:\/\/www.ecab.ch\/ecab\/fr\/pub\/index.cfm\" title=\"\" target=\"_blank\"><img loading=\"lazy\" decoding=\"async\" alt=\"\" src=\"\/\/www.mentrex.ch\/wp-content\/uploads\/2023\/04\/ECAB_web.jpg\" class=\"img-responsive img-rounded\" width=\"300\" height=\"75\"><\/a><\/div>[\/vc_column][vc_column width=\u00a0\u00bb1\/3&Prime;][vc_custom_heading text=\u00a0\u00bb\u00a0\u00bb font_container=\u00a0\u00bbtag:h4|text_align:left\u00a0\u00bb use_theme_fonts=\u00a0\u00bbyes\u00a0\u00bb]<div class=\"porto-image-frame \"><a href=\"http:\/\/www.gvg.gr.ch\" title=\"\" target=\"_blank\"><img loading=\"lazy\" decoding=\"async\" alt=\"\" src=\"\/\/www.mentrex.ch\/wp-content\/uploads\/2023\/04\/GVG_web.jpg\" class=\"img-responsive img-rounded\" width=\"300\" height=\"75\"><\/a><\/div><div class=\"porto-image-frame \"><a href=\"https:\/\/www.baloise.ch\/fr\" title=\"\" target=\"_blank\"><img loading=\"lazy\" decoding=\"async\" alt=\"\" src=\"\/\/www.mentrex.ch\/wp-content\/uploads\/2023\/04\/BASLER_web.jpg\" class=\"img-responsive img-rounded\" width=\"300\" height=\"75\"><\/a><\/div><div class=\"porto-image-frame \"><a href=\"http:\/\/www.glarnersach.ch\" title=\"\" target=\"_blank\"><img loading=\"lazy\" decoding=\"async\" alt=\"\" src=\"\/\/www.mentrex.ch\/wp-content\/uploads\/2023\/04\/GLARNER_web.jpg\" class=\"img-responsive img-rounded\" width=\"300\" height=\"75\"><\/a><\/div>[\/vc_column][\/vc_row][vc_row full_width=\u00a0\u00bbstretch_row\u00a0\u00bb css=\u00a0\u00bb.vc_custom_1682067584357{margin-bottom: -40px !important;background-color: #f2f2f2 !important;}\u00a0\u00bb conditional_render=\u00a0\u00bb%5B%7B%22value_role%22%3A%22administrator%22%7D%5D\u00a0\u00bb][vc_column width=\u00a0\u00bb1\/3&Prime;][vc_custom_heading text=\u00a0\u00bbNos partenaires d&rsquo;installation\u00a0\u00bb font_container=\u00a0\u00bbtag:h4|text_align:left\u00a0\u00bb use_theme_fonts=\u00a0\u00bbyes\u00a0\u00bb css=\u00a0\u00bb.vc_custom_1682067610081{margin-top: 35px !important;}\u00a0\u00bb]<div class=\"porto-links-block wpb_content_element \"><div class=\"links-content\"><ul><div class=\"porto-blockquote wpb_content_element \"><blockquote class=\"  blockquote-light\"><p>\n<h5>Pour la r\u00e9gion de B\u00e2le:<\/h5>\n<p><a href=\"https:\/\/www.sicher-isch-sicher.ch\/\" target=\"_blank\" rel=\"noopener\"><img loading=\"lazy\" decoding=\"async\" class=\"alignnone size-full wp-image-9970\" src=\"https:\/\/www.mentrex.ch\/wp-content\/uploads\/2023\/04\/Sicher_ist_sicher_Inst-1.jpg\" alt=\"\" width=\"300\" height=\"75\" \/><\/a><\/p><\/blockquote><\/div><\/ul><\/div><\/div><div class=\"porto-links-block wpb_content_element \"><div class=\"links-content\"><ul><div class=\"porto-blockquote wpb_content_element \"><blockquote class=\"  blockquote-light\"><p>\n<h5>Pour la r\u00e9gion nord-ouest de la suisse:<\/h5>\n<p><a href=\"https:\/\/www.ergobrandschutz.ch\/\" target=\"_blank\" rel=\"noopener\"><img loading=\"lazy\" decoding=\"async\" class=\"alignnone size-full wp-image-9984\" src=\"https:\/\/www.mentrex.ch\/wp-content\/uploads\/2023\/04\/Ergobrandschutz_Inst.jpg\" alt=\"\" width=\"300\" height=\"100\" \/><\/a><\/p><\/blockquote><\/div><\/ul><\/div><\/div>[\/vc_column][vc_column width=\u00a0\u00bb1\/3&Prime;][vc_custom_heading text=\u00a0\u00bbBla\u00a0\u00bb font_container=\u00a0\u00bbtag:h4|text_align:left|color:%23f2f2f2&Prime; use_theme_fonts=\u00a0\u00bbyes\u00a0\u00bb css=\u00a0\u00bb.vc_custom_1682067599202{margin-top: 35px !important;}\u00a0\u00bb]<div class=\"porto-links-block wpb_content_element \"><div class=\"links-content\"><ul><div class=\"porto-blockquote wpb_content_element \"><blockquote class=\"  blockquote-light\"><p>\n<h5>Pour la r\u00e9gion de l&rsquo;Oberland bernois:<\/h5>\n<p><a href=\"https:\/\/www.feuzag.ch\/\" target=\"_blank\" rel=\"noopener\"><img loading=\"lazy\" decoding=\"async\" class=\"alignnone size-full wp-image-9975\" src=\"https:\/\/www.mentrex.ch\/wp-content\/uploads\/2023\/04\/Elektro_Feuz_Inst.jpg\" alt=\"\" width=\"300\" height=\"75\" \/><\/a><\/p><\/blockquote><\/div><\/ul><\/div><\/div><div class=\"porto-links-block wpb_content_element \"><div class=\"links-content\"><ul><div class=\"porto-blockquote wpb_content_element \"><blockquote class=\"  blockquote-light\"><p>\n<h5>Pour toute la Suisse:<\/h5>\n<p><a href=\"https:\/\/www.primus-ag.ch\/fr\" target=\"_blank\" rel=\"noopener\"><img loading=\"lazy\" decoding=\"async\" class=\"alignnone size-full wp-image-10007\" src=\"https:\/\/www.mentrex.ch\/wp-content\/uploads\/2023\/04\/Primus_Inst_2.jpg\" alt=\"\" width=\"300\" height=\"100\" \/><\/a><\/p><\/blockquote><\/div><\/ul><\/div><\/div>[\/vc_column][vc_column width=\u00a0\u00bb1\/3&Prime;][vc_custom_heading text=\u00a0\u00bbBla\u00a0\u00bb font_container=\u00a0\u00bbtag:h4|text_align:left|color:%23f2f2f2&Prime; use_theme_fonts=\u00a0\u00bbyes\u00a0\u00bb css=\u00a0\u00bb.vc_custom_1682067620478{margin-top: 35px !important;}\u00a0\u00bb]<div class=\"porto-links-block wpb_content_element \"><div class=\"links-content\"><ul><div class=\"porto-blockquote wpb_content_element \"><blockquote class=\"  blockquote-light\"><p>\n<h5>Pour la r\u00e9gion suisse romande:<\/h5>\n<p><a href=\"https:\/\/www.mentrex.ch\/wp-content\/uploads\/2023\/04\/e-safety_Inst.jpg\"><img loading=\"lazy\" decoding=\"async\" class=\"alignnone size-full wp-image-9979\" src=\"https:\/\/www.mentrex.ch\/wp-content\/uploads\/2023\/04\/e-safety_Inst.jpg\" alt=\"\" width=\"300\" height=\"75\" \/><\/a><\/p><\/blockquote><\/div><\/ul><\/div><\/div>[\/vc_column][\/vc_row]<\/p>\n<\/div>","protected":false},"excerpt":{"rendered":"<p>[vc_row full_width=\u00a0\u00bbstretch_row\u00a0\u00bb css=\u00a0\u00bb.vc_custom_1682068671328{margin-top: -20px !important;background-color: #f2f2f2 !important;}\u00a0\u00bb conditional_render=\u00a0\u00bb%5B%7B%22value_role%22%3A%22administrator%22%7D%5D\u00a0\u00bb][vc_column width=\u00a0\u00bb1\/4&Prime; css=\u00a0\u00bb.vc_custom_1630928867122{margin-top: 35px !important;}\u00a0\u00bb][vc_single_image image=\u00a0\u00bb8383&Prime; img_size=\u00a0\u00bb300&#215;250&Prime;][\/vc_column][vc_column width=\u00a0\u00bb3\/4&Prime; css=\u00a0\u00bb.vc_custom_1630928879723{margin-top: 35px !important;}\u00a0\u00bb][vc_custom_heading text=\u00a0\u00bbLa s\u00e9curit\u00e9 n\u2019est pas un hasard\u00a0\u00bb font_container=\u00a0\u00bbtag:h4|text_align:left\u00a0\u00bb use_theme_fonts=\u00a0\u00bbyes\u00a0\u00bb][vc_column_text]La soci\u00e9t\u00e9 Mentrex est active depuis 1983 dans le domaine de la s\u00e9curit\u00e9 et de la protection contre les incendies. Nous avons invent\u00e9 et commercialis\u00e9 la couverture extinctrice \u00ab\u00a0FlameStop\u00a0\u00bb constitu\u00e9e [&hellip;]<\/p>\n","protected":false},"author":1,"featured_media":0,"parent":0,"menu_order":0,"comment_status":"closed","ping_status":"closed","template":"","meta":{"footnotes":""},"aioseo_notices":[],"_links":{"self":[{"href":"https:\/\/www.mentrex.ch\/fr\/wp-json\/wp\/v2\/pages\/2401"}],"collection":[{"href":"https:\/\/www.mentrex.ch\/fr\/wp-json\/wp\/v2\/pages"}],"about":[{"href":"https:\/\/www.mentrex.ch\/fr\/wp-json\/wp\/v2\/types\/page"}],"author":[{"embeddable":true,"href":"https:\/\/www.mentrex.ch\/fr\/wp-json\/wp\/v2\/users\/1"}],"replies":[{"embeddable":true,"href":"https:\/\/www.mentrex.ch\/fr\/wp-json\/wp\/v2\/comments?post=2401"}],"version-history":[{"count":52,"href":"https:\/\/www.mentrex.ch\/fr\/wp-json\/wp\/v2\/pages\/2401\/revisions"}],"predecessor-version":[{"id":10072,"href":"https:\/\/www.mentrex.ch\/fr\/wp-json\/wp\/v2\/pages\/2401\/revisions\/10072"}],"wp:attachment":[{"href":"https:\/\/www.mentrex.ch\/fr\/wp-json\/wp\/v2\/media?parent=2401"}],"curies":[{"name":"wp","href":"https:\/\/api.w.org\/{rel}","templated":true}]}}