{"id":5734,"date":"2019-07-18T17:15:05","date_gmt":"2019-07-18T15:15:05","guid":{"rendered":"https:\/\/www.mentrex.ch\/?page_id=5734"},"modified":"2023-04-20T09:44:59","modified_gmt":"2023-04-20T07:44:59","slug":"smarthome","status":"publish","type":"page","link":"https:\/\/www.mentrex.ch\/fr\/smarthome\/","title":{"rendered":"SmartHome"},"content":{"rendered":"<div class=\"wpb-content-wrapper\"><p>[vc_row full_width=\u00a0\u00bbstretch_row\u00a0\u00bb css=\u00a0\u00bb.vc_custom_1571145230671{background-color: #f2f2f2 !important;}\u00a0\u00bb][vc_column width=\u00a0\u00bb1\/2&Prime;][vc_custom_heading text=\u00a0\u00bbSmartHome &#8211; s\u00e9curit\u00e9 \u00e0 la maison\u00a0\u00bb font_container=\u00a0\u00bbtag:h4|text_align:left\u00a0\u00bb use_theme_fonts=\u00a0\u00bbyes\u00a0\u00bb css=\u00a0\u00bb.vc_custom_1571210928591{margin-top: 35px !important;}\u00a0\u00bb][vc_column_text]<strong>Le syst\u00e8me Smarthome Mentrex vous offre protection et s\u00e9curit\u00e9:<\/strong><\/p>\n<ul>\n<li>Dissuasion des cambrioleurs potentiels<\/li>\n<li>Enregistrement vid\u00e9o pour archivage et surveillance en ligne<\/li>\n<li>Avertissement d\u2019incendie: en cas de fum\u00e9e, de chaleur ou de monoxyde de carbone<\/li>\n<li>Avertissement en cas d\u2019inondation ou d\u2019infiltration d\u2019eau<\/li>\n<li>Alarme fiable et puissante au domicile\/ message sur votre smartphone<\/li>\n<li>Vous pouvez sp\u00e9cifier dans l&rsquo;application si, ou dans quelles conditions vous serez averti et\/ou alarm\u00e9<\/li>\n<li>Installation rapide et facile<\/li>\n<li>L\u2019\u00e9tat et les fonctionnalit\u00e9s de tous les appareils peuvent \u00eatre test\u00e9s \u00e0 l\u2019aide d\u2019un smartphone<\/li>\n<\/ul>\n<p>La s\u00e9curit\u00e9 n\u2019est pas un hasard![\/vc_column_text][\/vc_column][vc_column width=\u00a0\u00bb1\/2&Prime;][vc_single_image image=\u00a0\u00bb8715&Prime; img_size=\u00a0\u00bb450&#215;347&Prime; style=\u00a0\u00bbvc_box_shadow_border\u00a0\u00bb onclick=\u00a0\u00bblink_image\u00a0\u00bb css=\u00a0\u00bb.vc_custom_1611657515108{margin-top: 35px !important;}\u00a0\u00bb][\/vc_column][\/vc_row][vc_row][vc_column width=\u00a0\u00bb1\/2&Prime;][vc_single_image image=\u00a0\u00bb8713&Prime; img_size=\u00a0\u00bb600&#215;480&Prime;][\/vc_column][vc_column width=\u00a0\u00bb1\/2&Prime;][vc_column_text]<strong>Composants du syst\u00e8me:<\/strong><\/p>\n<ul>\n<li>Application (de base) gratuite<\/li>\n<li>Gateway FS-Flame Stop, pour le contr\u00f4le:\n<ul>\n<li>D\u00e9tecteur de fum\u00e9e et de chaleur GS559<\/li>\n<li>D\u00e9tecteur de monoxyde de carbone GS816<\/li>\n<li>D\u00e9tecteur d\u2019inondation GS156<\/li>\n<li>D\u00e9tecteur d\u2019ouverture de porte ou fen\u00eatre GS320<\/li>\n<li>D\u00e9tecteur de mouvement GS300<\/li>\n<\/ul>\n<\/li>\n<li>Cam\u00e9ra de surveillance WIFI GS290 (le Gateway n\u2019est pas n\u00e9cessaire)<\/li>\n<\/ul>\n<p><strong>Connexions:<\/strong><\/p>\n<ul>\n<li>Les d\u00e9tecteurs sont connect\u00e9s au gateway (868MHz), le gateway avec votre WiFi (2.4GHz)<\/li>\n<li>Le Gateway ne peut\u00a0\u00eatre connect\u00e9 qu&rsquo;\u00e0 1 smartphone \u00e0 la fois (message d&rsquo;alarme), mais plusieurs smartphones peuvent y acc\u00e9der avec le m\u00eame nom d&rsquo;utilisateur<\/li>\n<li>Jusqu\u2019\u00e0 15 Gateways \/ cam\u00e9ras pour un m\u00eame nom d\u2018utilisateur<\/li>\n<\/ul>\n<p>[\/vc_column_text][\/vc_column][\/vc_row][vc_row full_width=\u00a0\u00bbstretch_row\u00a0\u00bb css=\u00a0\u00bb.vc_custom_1563526290707{margin-top: -35px !important;margin-bottom: -40px !important;background-color: #f2f2f2 !important;}\u00a0\u00bb][vc_column css=\u00a0\u00bb.vc_custom_1563526213380{margin-top: 35px !important;margin-bottom: -15px !important;}\u00a0\u00bb][vc_row_inner][vc_column_inner el_id=\u00a0\u00bb`{`NINJA_TABLES ID=\u00ab\u00a010026\u00ab\u00a0`}`\u00a0\u00bb][vc_wp_text]<div id=\"footable_parent_10026\"\n         class=\" footable_parent ninja_table_wrapper loading_ninja_table wp_table_data_press_parent semantic_ui \">\n                    <h3 class=\"table_title footable_title\">Recommandation d&#039;appareil<\/h3>\n                        <table data-ninja_table_instance=\"ninja_table_instance_0\" data-footable_id=\"10026\" data-filter-delay=\"1000\" aria-label=\"Recommandation d&#039;appareil\"            id=\"footable_10026\"\n           data-unique_identifier=\"ninja_table_unique_id_1970781444_10026\"\n           class=\" foo-table ninja_footable foo_table_10026 ninja_table_unique_id_1970781444_10026 ui table  nt_type_ajax_table fixed selectable celled striped compact vertical_centered  footable-paging-center ninja_table_search_disabled\">\n                <colgroup>\n                            <col class=\"ninja_column_0 \">\n                            <col class=\"ninja_column_1 \">\n                            <col class=\"ninja_column_2 \">\n                            <col class=\"ninja_column_3 \">\n                            <col class=\"ninja_column_4 \">\n                            <col class=\"ninja_column_5 \">\n                            <col class=\"ninja_column_6 \">\n                            <col class=\"ninja_column_7 \">\n                            <col class=\"ninja_column_8 \">\n                            <col class=\"ninja_column_9 \">\n                    <\/colgroup>\n            <\/table>\n                    <style type=\"text\/css\" id='ninja_table_custom_css_10026'>\n                        #footable_10026  {\n    font-family: inherit;\n    font-size: 14px;\n    }\n\n    \n                <\/style>\n                \n    \n    \n<\/div>\n[\/vc_wp_text][\/vc_column_inner][\/vc_row_inner]<div class=\"porto-btn-ctn-center \"><a class=\"porto-btn  vc_custom_1671662548124 porto-adjust-bottom-margin porto-btn-mini porto-btn-fade-bg   wpb_custom_fa51088c2567b780100c1edcf8821d3b  porto-btn-center \"  rel='' href = \"https:\/\/shop.mentrex.ch\/k-fr\/smarthome-fr.aspx\" target='_blank' data-hover=\"\" data-border-color=\"\" data-bg=\"#dd3333\" data-hover-bg=\"\" data-border-hover=\"\" data-shadow-click=\"none\" data-shadow=\"\" style=\"border:none;background: #dd3333;color: #ffffff;\"><span class=\"porto-btn-hover\"><\/span><span class=\"porto-btn-data porto-btn-text \" >aux produits smarthome<\/span><\/a><\/div>[\/vc_column][\/vc_row]<\/p>\n<\/div>","protected":false},"excerpt":{"rendered":"<p>[vc_row full_width=\u00a0\u00bbstretch_row\u00a0\u00bb css=\u00a0\u00bb.vc_custom_1571145230671{background-color: #f2f2f2 !important;}\u00a0\u00bb][vc_column width=\u00a0\u00bb1\/2&Prime;][vc_custom_heading text=\u00a0\u00bbSmartHome &#8211; s\u00e9curit\u00e9 \u00e0 la maison\u00a0\u00bb font_container=\u00a0\u00bbtag:h4|text_align:left\u00a0\u00bb use_theme_fonts=\u00a0\u00bbyes\u00a0\u00bb css=\u00a0\u00bb.vc_custom_1571210928591{margin-top: 35px !important;}\u00a0\u00bb][vc_column_text]Le syst\u00e8me Smarthome Mentrex vous offre protection et s\u00e9curit\u00e9: Dissuasion des cambrioleurs potentiels Enregistrement vid\u00e9o pour archivage et surveillance en ligne Avertissement d\u2019incendie: en cas de fum\u00e9e, de chaleur ou de monoxyde de carbone Avertissement en cas d\u2019inondation ou [&hellip;]<\/p>\n","protected":false},"author":1,"featured_media":0,"parent":0,"menu_order":0,"comment_status":"closed","ping_status":"closed","template":"","meta":{"footnotes":""},"aioseo_notices":[],"_links":{"self":[{"href":"https:\/\/www.mentrex.ch\/fr\/wp-json\/wp\/v2\/pages\/5734"}],"collection":[{"href":"https:\/\/www.mentrex.ch\/fr\/wp-json\/wp\/v2\/pages"}],"about":[{"href":"https:\/\/www.mentrex.ch\/fr\/wp-json\/wp\/v2\/types\/page"}],"author":[{"embeddable":true,"href":"https:\/\/www.mentrex.ch\/fr\/wp-json\/wp\/v2\/users\/1"}],"replies":[{"embeddable":true,"href":"https:\/\/www.mentrex.ch\/fr\/wp-json\/wp\/v2\/comments?post=5734"}],"version-history":[{"count":26,"href":"https:\/\/www.mentrex.ch\/fr\/wp-json\/wp\/v2\/pages\/5734\/revisions"}],"predecessor-version":[{"id":10031,"href":"https:\/\/www.mentrex.ch\/fr\/wp-json\/wp\/v2\/pages\/5734\/revisions\/10031"}],"wp:attachment":[{"href":"https:\/\/www.mentrex.ch\/fr\/wp-json\/wp\/v2\/media?parent=5734"}],"curies":[{"name":"wp","href":"https:\/\/api.w.org\/{rel}","templated":true}]}}