{"id":6500,"date":"2018-08-09T15:00:52","date_gmt":"2018-08-09T13:00:52","guid":{"rendered":"https:\/\/www.mentrex.ch\/?page_id=6500"},"modified":"2021-12-13T16:11:56","modified_gmt":"2021-12-13T15:11:56","slug":"imprimer","status":"publish","type":"page","link":"https:\/\/www.mentrex.ch\/fr\/imprimer\/","title":{"rendered":"Mentions l\u00e9gales"},"content":{"rendered":"<div class=\"wpb-content-wrapper\"><p>[vc_row][vc_column css=\u00a0\u00bb.vc_custom_1591606310875{margin-top: 25px !important;}\u00a0\u00bb][vc_custom_heading text=\u00a0\u00bbMentions l\u00e9gales\u00a0\u00bb font_container=\u00a0\u00bbtag:h4|text_align:left\u00a0\u00bb use_theme_fonts=\u00a0\u00bbyes\u00a0\u00bb][vc_column_text]<strong>Responsable du contenu de cette page:<\/strong><br \/>\nHerba-Plastic AG | Andreas Dreier | Grellingerstrasse 41 | 4208 Nunningen | Suisse<br \/>\nT\u00e9l\u00e9phone +41 61 795 95 90<br \/>\nNum\u00e9ro de registre du commerce: CH-478.294.120<br \/>\nNum\u00e9ro TVA: CH-478.294.120 MWST<\/p>\n<p><strong>D\u00e9sign \/ Programmation du site Web<\/strong><br \/>\nAndreas Dreier<\/p>\n<p><strong>Web-Hosting<\/strong><br \/>\nWebland SA | Emil Frey-Strasse 85 | 4142 M\u00fcnchenstein | Suisse |\u00a0<a href=\"http:\/\/www.webland.ch\/fr-ch\/\" target=\"_blank\" rel=\"noopener\">http:\/\/www.webland.ch<\/a><\/p>\n<p><strong>Information l\u00e9gale<\/strong><br \/>\nHerba-Plastic AG d\u00e9tient les droits d&rsquo;auteur de l&rsquo;ensemble du site Web. Le contenu ne peut \u00eatre utilis\u00e9 et copi\u00e9 dans aucun autre contexte. Toutes les demandes de responsabilit\u00e9 pour les informations sur ce site Web sont exclues. La copie, l&rsquo;utilisation et la modification du contenu du site, \u00e9galement en partie, n\u00e9cessitent l&rsquo;accord \u00e9crit de Herba-Plastic AG.<\/p>\n<p>Lien suppl\u00e9mentaire: <a href=\"https:\/\/www.mentrex.ch\/fr\/conditions\/\">Conditions<\/a><\/p>\n<p>\u00a9 Herba-Plastic SA[\/vc_column_text][\/vc_column][\/vc_row]<\/p>\n<\/div>","protected":false},"excerpt":{"rendered":"<p>[vc_row][vc_column css=\u00a0\u00bb.vc_custom_1591606310875{margin-top: 25px !important;}\u00a0\u00bb][vc_custom_heading text=\u00a0\u00bbMentions l\u00e9gales\u00a0\u00bb font_container=\u00a0\u00bbtag:h4|text_align:left\u00a0\u00bb use_theme_fonts=\u00a0\u00bbyes\u00a0\u00bb][vc_column_text]Responsable du contenu de cette page: Herba-Plastic AG | Andreas Dreier | Grellingerstrasse 41 | 4208 Nunningen | Suisse T\u00e9l\u00e9phone +41 61 795 95 90 Num\u00e9ro de registre du commerce: CH-478.294.120 Num\u00e9ro TVA: CH-478.294.120 MWST D\u00e9sign \/ Programmation du site Web Andreas Dreier Web-Hosting Webland SA | Emil [&hellip;]<\/p>\n","protected":false},"author":1,"featured_media":0,"parent":0,"menu_order":0,"comment_status":"closed","ping_status":"closed","template":"","meta":{"footnotes":""},"aioseo_notices":[],"_links":{"self":[{"href":"https:\/\/www.mentrex.ch\/fr\/wp-json\/wp\/v2\/pages\/6500"}],"collection":[{"href":"https:\/\/www.mentrex.ch\/fr\/wp-json\/wp\/v2\/pages"}],"about":[{"href":"https:\/\/www.mentrex.ch\/fr\/wp-json\/wp\/v2\/types\/page"}],"author":[{"embeddable":true,"href":"https:\/\/www.mentrex.ch\/fr\/wp-json\/wp\/v2\/users\/1"}],"replies":[{"embeddable":true,"href":"https:\/\/www.mentrex.ch\/fr\/wp-json\/wp\/v2\/comments?post=6500"}],"version-history":[{"count":13,"href":"https:\/\/www.mentrex.ch\/fr\/wp-json\/wp\/v2\/pages\/6500\/revisions"}],"predecessor-version":[{"id":8836,"href":"https:\/\/www.mentrex.ch\/fr\/wp-json\/wp\/v2\/pages\/6500\/revisions\/8836"}],"wp:attachment":[{"href":"https:\/\/www.mentrex.ch\/fr\/wp-json\/wp\/v2\/media?parent=6500"}],"curies":[{"name":"wp","href":"https:\/\/api.w.org\/{rel}","templated":true}]}}